{"id":11,"date":"2022-06-17T13:42:24","date_gmt":"2022-06-17T11:42:24","guid":{"rendered":"https:\/\/beratungmitherz.ch\/wordpress\/?page_id=11"},"modified":"2025-02-01T08:42:14","modified_gmt":"2025-02-01T06:42:14","slug":"startseite","status":"publish","type":"page","link":"https:\/\/beratungmitherz.ch\/?page_id=11","title":{"rendered":"Startseite"},"content":{"rendered":"\n<p class=\"has-text-align-center has-vivid-red-color has-text-color has-x-large-font-size\" style=\"font-style:normal;font-weight:700\">Der Weg ist das Ziel!<\/p>\n\n\n\n<p class=\"has-text-align-center\">Seit langer Zeit versp\u00fcre ich den tiefen Wunsch, mein Wissen mit anderen zu teilen. Schritt f\u00fcr Schritt an sich arbeiten, sich selbst besser kennen lernen. Dadurch habe ich gelernt, dass es eine Vielzahl an Wissen au\u00dferhalb gibt. <\/p>\n\n\n\n<p class=\"has-text-align-center\">Doch wie greife ich auf dieses Wissen zu? Wie verbinde ich mich damit? Ist dies meins oder deins was ich da wahrnehme? Fragen \u00fcber Fragen f\u00fcr die wir gemeinsam Antworten finden k\u00f6nnen.<\/p>\n\n\n\n<p class=\"has-text-align-center\">Ob im t\u00e4glichen Leben, im Beruf, unter Freunden, innerhalb der Familie oder in der Natur -ich m\u00f6chte dir helfen, die Welt neu zu entdecken und mit ihr umzugehen. Meine Beratung und Massagen steht dir in allen Lebenslagen zur Seite, in denen du allein nicht weiterkommst.<\/p>\n\n\n\n<p class=\"has-text-align-center\">Vielleicht ist jetzt der richtige Zeitpunkt, gemeinsam ein St\u00fcck des Weges zu gehen?<\/p>\n\n\n\n<p class=\"has-text-align-center\">Ich freue mich auf dich!<\/p>\n\n\n<div class=\"wp-block-image is-style-rounded\">\n<figure class=\"aligncenter size-full\"><img loading=\"lazy\" decoding=\"async\" width=\"450\" height=\"600\" src=\"https:\/\/beratungmitherz.ch\/wp-content\/uploads\/2022\/09\/Regina.jpg\" alt=\"\" class=\"wp-image-318\" srcset=\"https:\/\/beratungmitherz.ch\/wp-content\/uploads\/2022\/09\/Regina.jpg 450w, https:\/\/beratungmitherz.ch\/wp-content\/uploads\/2022\/09\/Regina-225x300.jpg 225w, https:\/\/beratungmitherz.ch\/wp-content\/uploads\/2022\/09\/Regina-45x60.jpg 45w\" sizes=\"auto, (max-width: 450px) 100vw, 450px\" \/><\/figure>\n<\/div>","protected":false},"excerpt":{"rendered":"<p>Der Weg ist das Ziel! Seit langer Zeit versp\u00fcre ich den tiefen Wunsch, mein Wissen mit anderen zu teilen. Schritt f\u00fcr Schritt an sich arbeiten, sich selbst besser kennen lernen. Dadurch habe ich gelernt, dass es eine Vielzahl an Wissen au\u00dferhalb gibt. Doch wie greife ich auf dieses Wissen zu? Wie verbinde ich mich damit? &hellip; <\/p>\n","protected":false},"author":3,"featured_media":300,"parent":0,"menu_order":1,"comment_status":"closed","ping_status":"closed","template":"","meta":{"footnotes":""},"class_list":["post-11","page","type-page","status-publish","has-post-thumbnail","hentry","latest_post"],"_links":{"self":[{"href":"https:\/\/beratungmitherz.ch\/index.php?rest_route=\/wp\/v2\/pages\/11","targetHints":{"allow":["GET"]}}],"collection":[{"href":"https:\/\/beratungmitherz.ch\/index.php?rest_route=\/wp\/v2\/pages"}],"about":[{"href":"https:\/\/beratungmitherz.ch\/index.php?rest_route=\/wp\/v2\/types\/page"}],"author":[{"embeddable":true,"href":"https:\/\/beratungmitherz.ch\/index.php?rest_route=\/wp\/v2\/users\/3"}],"replies":[{"embeddable":true,"href":"https:\/\/beratungmitherz.ch\/index.php?rest_route=%2Fwp%2Fv2%2Fcomments&post=11"}],"version-history":[{"count":17,"href":"https:\/\/beratungmitherz.ch\/index.php?rest_route=\/wp\/v2\/pages\/11\/revisions"}],"predecessor-version":[{"id":543,"href":"https:\/\/beratungmitherz.ch\/index.php?rest_route=\/wp\/v2\/pages\/11\/revisions\/543"}],"wp:featuredmedia":[{"embeddable":true,"href":"https:\/\/beratungmitherz.ch\/index.php?rest_route=\/wp\/v2\/media\/300"}],"wp:attachment":[{"href":"https:\/\/beratungmitherz.ch\/index.php?rest_route=%2Fwp%2Fv2%2Fmedia&parent=11"}],"curies":[{"name":"wp","href":"https:\/\/api.w.org\/{rel}","templated":true}]}}