{"id":387,"date":"2022-12-13T22:22:51","date_gmt":"2022-12-13T20:22:51","guid":{"rendered":"https:\/\/beratungmitherz.ch\/?page_id=387"},"modified":"2025-02-01T08:39:16","modified_gmt":"2025-02-01T06:39:16","slug":"aktuelles","status":"publish","type":"page","link":"https:\/\/beratungmitherz.ch\/?page_id=387","title":{"rendered":"Lesenswertes"},"content":{"rendered":"\n<hr class=\"wp-block-separator has-alpha-channel-opacity\"\/>\n\n\n\n<p class=\"has-text-align-center has-large-font-size\">Die Wirkung der Fussreflexzonenmassage<\/p>\n\n\n\n<p class=\"has-text-align-center\">Eine Fussreflexzonenmassage bietet deinem K\u00f6rper die M\u00f6glichkeit, Disharmonien zu l\u00f6sen und damit Blockaden zu lindern\/ l\u00f6sen. Symptome welche unser K\u00f6rper uns zeigt (z.B. Verstopfung), sind Ausdruck einer Disharmonie im gesamten System. Diese k\u00f6nnen durch Mangel an Spurenelementen oder aber auch von emotionalen Themen\/ Blockaden her f\u00fchren. Diese k\u00f6nnen durch die gezielte Druckpunkte an F\u00fcssen erkannt und behoben\/ gelindert werden. Die emotionalen Blockaden k\u00f6nnen dadurch ins Fliessen kommen. Ich befinde mich noch in Ausbildung zur Fussreflexzonenmassage, was ich aber bis jetzt schon alles erkennen und l\u00f6sen durfte, ist unglaublich. Die Massage kann in akut Situationen oder aber auch prophylaktisch angewendet werden. Zur Prophylaxe empfehlt man eine Regelm\u00e4ssigkeit im Abstand von 6- 8 Wochen. Da ich erkannt habe durch die Arbeit an den Fussen und das l\u00f6sen\/ lindern der Blockaden in den Organen kann ich mit meinen medialen und sensitiven F\u00e4higkeiten weiter unterst\u00fctzten um zu verstehen, warum diese Disharmonien und Blockaden da sind. Deshalb habe ich eine neue Art der Behandlung entwickelt in dem ich die Massage und das mediale\/ sensitive Reading verbinde. Es ist eine spannende Kombination von manueller und spiritueller Therapieform. Lass dich \u00fcberraschen und tauche ein! <\/p>\n\n\n\n<hr class=\"wp-block-separator has-alpha-channel-opacity\"\/>\n\n\n\n<p class=\"has-text-align-center has-large-font-size\">Spiritualit\u00e4t im Alltag<\/p>\n\n\n\n<p>Ich wurde schon oft gefragt, wie sich die Spiritualit\u00e4t im Alltag integrieren l\u00e4sst. Meist sucht man viel zu weit. Klar regelm\u00e4ssiges Meditieren, 1 zu 1 \u00fcben mit einer Gleichgesinnten oder R\u00fcckzug in einem vertrauten Raum und Karten legen, Pendeln etc. All dies sind Techniken welche man in der Spiritualit\u00e4t anwendet. Jedoch ist f\u00fcr mich Spiritualit\u00e4t viel mehr. Achtsam mit sich selbst, h\u00f6ren was das Herz sagt, die Muster und Blockaden akzeptieren und nicht verdr\u00e4ngen und noch vieles Mehr, die Liste w\u00e4re wahrscheinlich unendlich lang.  \ud83d\ude42 <\/p>\n\n\n\n<p>F\u00fcr mich als zweifache Mutter, Berufsfrau, Hausfrau, Ehefrau, Frau, Freundin, Schwester, Tochter war es immer zentral, die Spiritualit\u00e4t im Alltag zu leben ohne Druck. Ich habe gelernt dem Leben zu zuh\u00f6ren und darauf zu reagieren wenn n\u00f6tig. Sei es mit R\u00fcckzug, Meditieren in der Badewanne, Fastenkur, Ern\u00e4hrungsumstellung, Hom\u00f6opathie etc.<\/p>\n\n\n\n<p>Dadurch befinde ich mich nur noch kurz in den Mustern &#8222;gefangen&#8220;, erlebe die Gef\u00fchle intensiv und kurz und kann danach wieder frei Leben. Mein grosser Spiegel dazu waren und sind meine beiden Kinder. Dadurch habe ich gelernt das AKZEPTANZ und LIEBE die gr\u00f6ssten Tr\u00e4ger der Spiritualit\u00e4t sind. Klar spreche ich gerne \u00fcber die geistige Welt und wende meine medialen und sensitiven F\u00e4higkeiten an. Dazu wurden mir bis jetzt immer Vertraute gesendet, mit welchen ich das Ausleben darf. <\/p>\n\n\n\n<p>Ich habe gelernt es einfach fliessen zu lassen und zu VERTRAUEN, denn das Universum sendet uns die richtigen Worte zum richtigen Menschen. Das Wissen ist um uns vorhanden und darf geh\u00f6rt werden. Das EGO und der VERSTAND sind Gegenspieler im FREIEN DENKEN und doch geh\u00f6ren sie auf der Erde, dem irdischen, einfach dazu. Wir k\u00f6nnen den Verstand beeinflussen und austricksen mit dem KLAREN BEWUSSTSEIN des positiven Denkens. Wenn mich jemand um Rat fragt oder eine Antwort von oben (ich liebe dieses Wortspiel) haben m\u00f6chte, lasse ich es einfach fliessen. Ich habe so viel beobachtet, dass genau das ankommt was ankommen soll beim Gegen\u00fcber. Und warum gelingt dies? Einfach weil ich gelernt habe es entstehen zu lassen und nicht erzwingen wollen. Somit gebe ich mir nicht vor wieviel ich meditieren muss in der Woche oder wie viele \u00dcbung ich mit Gleichgesinnten brauche. <\/p>\n\n\n\n<p>Es ist alles an der Zeit, dann wann es Zeit ist. Lass es fliessen. All dies sind f\u00fcr mich Spiritualit\u00e4t im Alltag leben. <\/p>\n\n\n\n<hr class=\"wp-block-separator has-alpha-channel-opacity\"\/>\n\n\n\n<p class=\"has-text-align-center has-large-font-size\">Die neue Zeit<\/p>\n\n\n\n<p>Es wird in der jetzigen zeit oft von der &#8222;neuen Zeit&#8220; gesprochen. Was hat es mit dem auf Sich? Was bedeutet dies? Ich m\u00f6chte euch gern meine Sicht dazu schildern. <\/p>\n\n\n\n<p>Die Energien im ganzen Universum sind im steten Wandel. Wenn wir zur\u00fcck blicken auf die letzten mehrere 100 Jahre, passierte so unglaublich viel auf dieser Welt. Kriege, Industrialisierung, Frauenrechte etc. Menschen mit der F\u00e4higkeit, die feinstofflichen Schwingungen zu sp\u00fcren, haben dies unbewusst oder auch bewusst wahrgenommen. Sie sp\u00fcren es &#8222;raubt&#8220; einem Energie und man kann dies oft nicht zuordnen. Man kann lernen damit umzugehen und zu erkennen, was das Eigene und was das Fremde ist. Aus meiner Sicht w\u00fcrde es viel weniger Unstimmigkeiten geben, wenn man dies korrekt erkennen kann und zuordnen kann. Die &#8222;neue Zeit&#8220; beinhaltet dies, man lernt seine feinstofflichen Schwingungen besser leben und zu erkennen. man lernt damit umzugehen und somit in innerem Frieden zu leben. Deshalb ist es mir ein Anliegen, diese F\u00e4higkeit in den Menschen zu schulen und zu trainieren. Ich bin bereit, meine Erfahrungen und ein weiteres wachsen zu teilen. Bist du es auch? <\/p>\n\n\n\n<hr class=\"wp-block-separator has-alpha-channel-opacity\"\/>\n\n\n\n<p class=\"has-text-align-center has-large-font-size\">Ab <strong>02.07.2024<\/strong><\/p>\n\n\n\n<p>Meine Pause als Mama ist vorbei, ich nehme die Arbeit wieder auf. Gerne bin ich nun wieder da f\u00fcr euch. Folgende Neuerungen ab sofort: <\/p>\n\n\n\n<ul class=\"wp-block-list\">\n<li>Ich habe die Ausbildung als Fussreflexzonentherapeutin aufgenommen, schon bald werde ich dies anbieten k\u00f6nnen. Eine Massage zur Entspannung und Prophylaxe an den F\u00fcssen. <\/li>\n\n\n\n<li>Neu ist m\u00f6glich, dass ich auch Beratungen per Telefon, Mail oder per Voice mache. <\/li>\n\n\n\n<li>Ebenfalls habe ich meine Beratungen erweitert. Coaching im Arbeitsmarkt und Begleitung bei Verlusten von Nahestehenden Personen. <\/li>\n\n\n\n<li>Neu k\u00f6nnen energetische Globuli abgegeben werden welche dich nachhaltig Unterst\u00fctzen bei deinen Themen, dies auch nach der Sitzung. <\/li>\n<\/ul>\n\n\n\n<p><\/p>\n","protected":false},"excerpt":{"rendered":"<p>Die Wirkung der Fussreflexzonenmassage Eine Fussreflexzonenmassage bietet deinem K\u00f6rper die M\u00f6glichkeit, Disharmonien zu l\u00f6sen und damit Blockaden zu lindern\/ l\u00f6sen. Symptome welche unser K\u00f6rper uns zeigt (z.B. Verstopfung), sind Ausdruck einer Disharmonie im gesamten System. Diese k\u00f6nnen durch Mangel an Spurenelementen oder aber auch von emotionalen Themen\/ Blockaden her f\u00fchren. Diese k\u00f6nnen durch die gezielte &hellip; <\/p>\n","protected":false},"author":3,"featured_media":300,"parent":0,"menu_order":0,"comment_status":"closed","ping_status":"closed","template":"","meta":{"footnotes":""},"class_list":["post-387","page","type-page","status-publish","has-post-thumbnail","hentry","latest_post"],"_links":{"self":[{"href":"https:\/\/beratungmitherz.ch\/index.php?rest_route=\/wp\/v2\/pages\/387","targetHints":{"allow":["GET"]}}],"collection":[{"href":"https:\/\/beratungmitherz.ch\/index.php?rest_route=\/wp\/v2\/pages"}],"about":[{"href":"https:\/\/beratungmitherz.ch\/index.php?rest_route=\/wp\/v2\/types\/page"}],"author":[{"embeddable":true,"href":"https:\/\/beratungmitherz.ch\/index.php?rest_route=\/wp\/v2\/users\/3"}],"replies":[{"embeddable":true,"href":"https:\/\/beratungmitherz.ch\/index.php?rest_route=%2Fwp%2Fv2%2Fcomments&post=387"}],"version-history":[{"count":14,"href":"https:\/\/beratungmitherz.ch\/index.php?rest_route=\/wp\/v2\/pages\/387\/revisions"}],"predecessor-version":[{"id":542,"href":"https:\/\/beratungmitherz.ch\/index.php?rest_route=\/wp\/v2\/pages\/387\/revisions\/542"}],"wp:featuredmedia":[{"embeddable":true,"href":"https:\/\/beratungmitherz.ch\/index.php?rest_route=\/wp\/v2\/media\/300"}],"wp:attachment":[{"href":"https:\/\/beratungmitherz.ch\/index.php?rest_route=%2Fwp%2Fv2%2Fmedia&parent=387"}],"curies":[{"name":"wp","href":"https:\/\/api.w.org\/{rel}","templated":true}]}}